{"id":12,"date":"2018-04-12T16:49:18","date_gmt":"2018-04-12T19:49:18","guid":{"rendered":"http:\/\/localhost\/apuaye\/apuaye\/?page_id=12"},"modified":"2019-04-03T23:16:56","modified_gmt":"2019-04-04T02:16:56","slug":"que-es-apuaye","status":"publish","type":"page","link":"https:\/\/www.apuaye.org.ar\/web\/que-es-apuaye\/","title":{"rendered":"Qu\u00e9 es Apuaye"},"content":{"rendered":"<h1>Sobre Nosotros<\/h1>\n<p>APUAYE naci\u00f3 bajo la denominaci\u00f3n de Asociaci\u00f3n de Profesionales Universitarios de Agua y Energ\u00eda El\u00e9ctrica el 24 de septiembre de 1956.<\/p>\n<p>Se constituy\u00f3 en una Asociaci\u00f3n Gremial de primer grado y fue integrada por los funcionarios y empleados de la empresa estatal Agua y Energ\u00eda El\u00e9ctrica que pose\u00edan t\u00edtulo universitario expedido por Universidad Nacional, privada o extranjera, revalidado, cuando correspondiera, conforme a las leyes nacionales.<\/p>\n<p>A los fines de seguir cumpliendo sus objetivos en el nuevo escenario conformado en el sector el\u00e9ctrico nacional a partir de las privatizaciones de las Empresas del Estado, APUAYE modific\u00f3 su alcance representativo y nombre, pas\u00e1ndose a llamar \u201cAsociaci\u00f3n de Profesionales Universitarios del Agua y la Energ\u00eda El\u00e9ctrica\u201d con presencia en los entes prestatarios de servicios el\u00e9ctricos y de irrigaci\u00f3n, convirti\u00e9ndose en una entidad gremial de la actividad. APUAYE tiene \u00e1mbito de actuaci\u00f3n en todo el pa\u00eds y desarrolla su actividad a trav\u00e9s de Seccionales.<\/p>\n<p>La figura del Trabajador Intelectual, avalada por la Organizaci\u00f3n Internacional del Trabajo (OIT), es la base del encuadramiento gremial de APUAYE.<\/p>\n<div id=\"galleria\"><a href=\"..\/wp-content\/themes\/apuaye_theme\/images\/sedes\/2--SEDE-CENTRAL-2.jpg\"><br \/>\n<img decoding=\"async\" src=\"..\/wp-content\/themes\/apuaye_theme\/images\/sedes\/2--SEDE-CENTRAL-2.jpg\" data-big=\"..\/wp-content\/themes\/apuaye_theme\/images\/sedes\/2--SEDE-CENTRAL-2.jpg\" data-title=\"SEDE CENTRAL APUAYE\"><br \/>\n<\/a><br \/>\n<a href=\"..\/images\/1--SEDE-CENTRAL-APUAYE.jpg\"><br \/>\n<img decoding=\"async\" src=\"..\/images\/1--SEDE-CENTRAL-APUAYE.jpg\" data-big=\"..\/images\/1--SEDE-CENTRAL-APUAYE.jpg\" data-title=\"SEDE CENTRAL APUAYE\"><br \/>\n<\/a><br \/>\n<a href=\"..\/wp-content\/themes\/apuaye_theme\/images\/sedes\/SEDE-BS.-AS.-ZARATE.jpg\"><br \/>\n<img decoding=\"async\" src=\"..\/wp-content\/themes\/apuaye_theme\/images\/sedes\/SEDE-BS.-AS.-ZARATE.jpg\" data-big=\"..\/wp-content\/themes\/apuaye_theme\/images\/sedes\/SEDE-BS.-AS.-ZARATE.jpg\" data-title=\"SEDE BS. AS. ZARATE\"><br \/>\n<\/a><br \/>\n<a href=\"..\/wp-content\/themes\/apuaye_theme\/images\/sedes\/SEDE-CENTRO-ALMAFUERTE-(2).jpg\"><br \/>\n<img decoding=\"async\" src=\"..\/wp-content\/themes\/apuaye_theme\/images\/sedes\/SEDE-CENTRO-ALMAFUERTE-(2).jpg\" data-big=\"..\/wp-content\/themes\/apuaye_theme\/images\/sedes\/SEDE-CENTRO-ALMAFUERTE-(2).jpg\" data-title=\"SEDE CENTRO ALMAFUERTE\"><br \/>\n<\/a><br \/>\n<a href=\"..\/images\/SEDE-CUYO.jpg\"><br \/>\n<img decoding=\"async\" src=\"..\/images\/SEDE-CUYO.jpg\" data-big=\"..\/images\/SEDE-CUYO.jpg\" data-title=\"SEDE CUYO\"><br \/>\n<\/a><br \/>\n<a href=\"..\/wp-content\/themes\/apuaye_theme\/images\/sedes\/SEDE-LITORAL---PARANA-(1).jpg\"><br \/>\n<img decoding=\"async\" src=\"..\/wp-content\/themes\/apuaye_theme\/images\/sedes\/SEDE-LITORAL---PARANA-(1).jpg\" data-big=\"..\/wp-content\/themes\/apuaye_theme\/images\/sedes\/SEDE-LITORAL---PARANA-(1).jpg\" data-title=\"SEDE LITORAL - PARAN\u00c1\"><br \/>\n<\/a><br \/>\n<a href=\"..\/wp-content\/themes\/apuaye_theme\/images\/sedes\/SEDE-NORESTE-CORRIENTES.jpg\"><br \/>\n<img decoding=\"async\" src=\"..\/wp-content\/themes\/apuaye_theme\/images\/sedes\/SEDE-NORESTE-CORRIENTES.jpg\" data-big=\"..\/wp-content\/themes\/apuaye_theme\/images\/sedes\/SEDE-NORESTE-CORRIENTES.jpg\" data-title=\"SEDE NORESTE CORRIENTES\"><br \/>\n<\/a><br \/>\n<a href=\"..\/wp-content\/themes\/apuaye_theme\/images\/sedes\/SEDE-SAN-JUAN---CUYO----FACHADA.jpg\"><br \/>\n<img decoding=\"async\" src=\"..\/wp-content\/themes\/apuaye_theme\/images\/sedes\/SEDE-SAN-JUAN---CUYO----FACHADA.jpg\" data-big=\"..\/wp-content\/themes\/apuaye_theme\/images\/sedes\/SEDE-SAN-JUAN---CUYO----FACHADA.jpg\" data-title=\"SEDE SAN JUAN - CUYO\"><br \/>\n<\/a><br \/>\n<a href=\"..\/wp-content\/themes\/apuaye_theme\/images\/sedes\/SEDE-SUR-(1).jpg\"><br \/>\n<img decoding=\"async\" src=\"..\/wp-content\/themes\/apuaye_theme\/images\/sedes\/SEDE-SUR-(1).jpg\" data-big=\"..\/wp-content\/themes\/apuaye_theme\/images\/sedes\/SEDE-SUR-(1).jpg\" data-title=\"SEDE SUR\"><br \/>\n<\/a><\/div>\n","protected":false},"excerpt":{"rendered":"<p>Sobre Nosotros APUAYE naci\u00f3 bajo la denominaci\u00f3n de Asociaci\u00f3n de Profesionales Universitarios de Agua y Energ\u00eda El\u00e9ctrica el 24 de septiembre de 1956. Se constituy\u00f3 en una Asociaci\u00f3n Gremial de primer grado y fue integrada por los funcionarios y empleados de la empresa estatal Agua y Energ\u00eda El\u00e9ctrica que pose\u00edan t\u00edtulo universitario expedido por Universidad [&hellip;]<\/p>\n","protected":false},"author":1,"featured_media":0,"parent":0,"menu_order":0,"comment_status":"closed","ping_status":"closed","template":"","meta":{"_genesis_hide_title":false,"_genesis_hide_breadcrumbs":false,"_genesis_hide_singular_image":false,"_genesis_hide_footer_widgets":false,"_genesis_custom_body_class":"inner_page quees","_genesis_custom_post_class":"inner_post","_genesis_layout":"full-width-content","footnotes":""},"class_list":{"0":"post-12","1":"page","2":"type-page","3":"status-publish","5":"entry","6":"inner_post"},"_links":{"self":[{"href":"https:\/\/www.apuaye.org.ar\/web\/wp-json\/wp\/v2\/pages\/12","targetHints":{"allow":["GET"]}}],"collection":[{"href":"https:\/\/www.apuaye.org.ar\/web\/wp-json\/wp\/v2\/pages"}],"about":[{"href":"https:\/\/www.apuaye.org.ar\/web\/wp-json\/wp\/v2\/types\/page"}],"author":[{"embeddable":true,"href":"https:\/\/www.apuaye.org.ar\/web\/wp-json\/wp\/v2\/users\/1"}],"replies":[{"embeddable":true,"href":"https:\/\/www.apuaye.org.ar\/web\/wp-json\/wp\/v2\/comments?post=12"}],"version-history":[{"count":38,"href":"https:\/\/www.apuaye.org.ar\/web\/wp-json\/wp\/v2\/pages\/12\/revisions"}],"predecessor-version":[{"id":639,"href":"https:\/\/www.apuaye.org.ar\/web\/wp-json\/wp\/v2\/pages\/12\/revisions\/639"}],"wp:attachment":[{"href":"https:\/\/www.apuaye.org.ar\/web\/wp-json\/wp\/v2\/media?parent=12"}],"curies":[{"name":"wp","href":"https:\/\/api.w.org\/{rel}","templated":true}]}}