{"id":1492,"date":"2024-12-01T10:10:00","date_gmt":"2024-12-01T13:10:00","guid":{"rendered":"https:\/\/www.apuaye.org.ar\/web\/?page_id=1492"},"modified":"2024-12-11T18:51:17","modified_gmt":"2024-12-11T21:51:17","slug":"que-es-apuaye-comision-revisora-de-cuentas","status":"publish","type":"page","link":"https:\/\/www.apuaye.org.ar\/web\/que-es-apuaye-comision-revisora-de-cuentas\/","title":{"rendered":"Qu\u00e9 es Apuaye &#8211; Comisi\u00f3n revisora de cuentas"},"content":{"rendered":"<h1>Comisi\u00f3n revisora de cuentas<\/h1>\n<div class=\"col_x2\">\n<h3>MIEMBROS TITULARES<\/h3>\n<p>Ing.\u00a0<strong>DAVIES<\/strong>, Jorge O.<\/p>\n<p>Ing.\u00a0<strong>DELGADO<\/strong>, Juan Carlos<\/p>\n<p>Ing.\u00a0<strong>LOZADA<\/strong>, Oscar E.<\/p>\n<p>&nbsp;<\/p>\n<\/div>\n<div class=\"col_x2\">\n<h3>MIEMBROS SUPLENTES<\/h3>\n<p>Ing.\u00a0<strong>RUBINA<\/strong>, Edgardo D.<\/p>\n<p>Lic.\u00a0<strong>CASADO<\/strong>, Jorge A.<\/p>\n<p>CPN\u00a0<strong>MANCIFESTA<\/strong>, Javier A.<\/p>\n<\/div>\n","protected":false},"excerpt":{"rendered":"<p>Comisi\u00f3n revisora de cuentas MIEMBROS TITULARES Ing.\u00a0DAVIES, Jorge O. Ing.\u00a0DELGADO, Juan Carlos Ing.\u00a0LOZADA, Oscar E. &nbsp; MIEMBROS SUPLENTES Ing.\u00a0RUBINA, Edgardo D. Lic.\u00a0CASADO, Jorge A. CPN\u00a0MANCIFESTA, Javier A.<\/p>\n","protected":false},"author":2,"featured_media":0,"parent":0,"menu_order":0,"comment_status":"closed","ping_status":"closed","template":"","meta":{"_genesis_hide_title":false,"_genesis_hide_breadcrumbs":false,"_genesis_hide_singular_image":false,"_genesis_hide_footer_widgets":false,"_genesis_custom_body_class":"inner_page quees","_genesis_custom_post_class":"inner_post","_genesis_layout":"full-width-content","footnotes":""},"class_list":{"0":"post-1492","1":"page","2":"type-page","3":"status-publish","5":"entry","6":"inner_post"},"_links":{"self":[{"href":"https:\/\/www.apuaye.org.ar\/web\/wp-json\/wp\/v2\/pages\/1492","targetHints":{"allow":["GET"]}}],"collection":[{"href":"https:\/\/www.apuaye.org.ar\/web\/wp-json\/wp\/v2\/pages"}],"about":[{"href":"https:\/\/www.apuaye.org.ar\/web\/wp-json\/wp\/v2\/types\/page"}],"author":[{"embeddable":true,"href":"https:\/\/www.apuaye.org.ar\/web\/wp-json\/wp\/v2\/users\/2"}],"replies":[{"embeddable":true,"href":"https:\/\/www.apuaye.org.ar\/web\/wp-json\/wp\/v2\/comments?post=1492"}],"version-history":[{"count":1,"href":"https:\/\/www.apuaye.org.ar\/web\/wp-json\/wp\/v2\/pages\/1492\/revisions"}],"predecessor-version":[{"id":1493,"href":"https:\/\/www.apuaye.org.ar\/web\/wp-json\/wp\/v2\/pages\/1492\/revisions\/1493"}],"wp:attachment":[{"href":"https:\/\/www.apuaye.org.ar\/web\/wp-json\/wp\/v2\/media?parent=1492"}],"curies":[{"name":"wp","href":"https:\/\/api.w.org\/{rel}","templated":true}]}}