{"id":1521,"date":"2024-12-06T07:36:46","date_gmt":"2024-12-06T10:36:46","guid":{"rendered":"https:\/\/www.apuaye.org.ar\/web\/?page_id=1521"},"modified":"2024-12-11T18:41:17","modified_gmt":"2024-12-11T21:41:17","slug":"que-es-apuaye-comision-directiva-central","status":"publish","type":"page","link":"https:\/\/www.apuaye.org.ar\/web\/que-es-apuaye-comision-directiva-central\/","title":{"rendered":"Qu\u00e9 es Apuaye &#8211; Comisi\u00f3n directiva central"},"content":{"rendered":"<h1>Comisi\u00f3n directiva central<\/h1>\n<div class=\"col_x2\">\n<h3>PRESIDENTE<\/h3>\n<p>Ing.\u00a0<strong>CORTIZO<\/strong>, Carlos Germ\u00e1n<\/p>\n<h3>VICEPRESIDENTE<\/h3>\n<p>Dr.\u00a0<strong>ALMIRON<\/strong>, Manuel Rodrigo<\/p>\n<h3>SECRETARIO DE ORGANIZACI\u00d3N<\/h3>\n<p>Ing. <strong>FOCO<\/strong>, Carlos Javier<\/p>\n<\/div>\n<div class=\"col_x2\">\n<h3>SECRETARIO DE PRENSA Y ACTAS<\/h3>\n<p>CPN <strong>ESTOFAN<\/strong>, F\u00e1tima Beatriz<\/p>\n<h3>TESORERO<\/h3>\n<p>CPN <strong>GORRI PETRUY<\/strong>, Eugenio Lionel<\/p>\n<h3>PROTESORERO<\/h3>\n<p>Lic. <strong>STEINGOLD<\/strong>, Gerardo Enrique<\/p>\n<\/div>\n<div class=\"col_x2\">\n<h3>VOCALES TITULARES<\/h3>\n<p>Ing. <strong>FERRARI<\/strong>, Franco Hern\u00e1n<\/p>\n<p>Ing. <strong>GIJENA<\/strong>, Rafael Norberto<\/p>\n<p>CPN <strong>BIRCHER<\/strong>, Carlos Germ\u00e1n<\/p>\n<\/div>\n<h3>MIEMBROS SUPLENTES<\/h3>\n<p>Lic.\u00a0<strong>SPADARO<\/strong>,\u00a0Leandro<br \/>\nDr.\u00a0<strong>ULLMANN,<\/strong> Sergio A.<\/p>\n","protected":false},"excerpt":{"rendered":"<p>Comisi\u00f3n directiva central PRESIDENTE Ing.\u00a0CORTIZO, Carlos Germ\u00e1n VICEPRESIDENTE Dr.\u00a0ALMIRON, Manuel Rodrigo SECRETARIO DE ORGANIZACI\u00d3N Ing. FOCO, Carlos Javier SECRETARIO DE PRENSA Y ACTAS CPN ESTOFAN, F\u00e1tima Beatriz TESORERO CPN GORRI PETRUY, Eugenio Lionel PROTESORERO Lic. STEINGOLD, Gerardo Enrique VOCALES TITULARES Ing. FERRARI, Franco Hern\u00e1n Ing. GIJENA, Rafael Norberto CPN BIRCHER, Carlos Germ\u00e1n MIEMBROS SUPLENTES Lic.\u00a0SPADARO,\u00a0Leandro [&hellip;]<\/p>\n","protected":false},"author":2,"featured_media":0,"parent":0,"menu_order":0,"comment_status":"closed","ping_status":"closed","template":"","meta":{"_genesis_hide_title":false,"_genesis_hide_breadcrumbs":false,"_genesis_hide_singular_image":false,"_genesis_hide_footer_widgets":false,"_genesis_custom_body_class":"inner_page quees","_genesis_custom_post_class":"inner_post","_genesis_layout":"full-width-content","footnotes":""},"class_list":{"0":"post-1521","1":"page","2":"type-page","3":"status-publish","5":"entry","6":"inner_post"},"_links":{"self":[{"href":"https:\/\/www.apuaye.org.ar\/web\/wp-json\/wp\/v2\/pages\/1521","targetHints":{"allow":["GET"]}}],"collection":[{"href":"https:\/\/www.apuaye.org.ar\/web\/wp-json\/wp\/v2\/pages"}],"about":[{"href":"https:\/\/www.apuaye.org.ar\/web\/wp-json\/wp\/v2\/types\/page"}],"author":[{"embeddable":true,"href":"https:\/\/www.apuaye.org.ar\/web\/wp-json\/wp\/v2\/users\/2"}],"replies":[{"embeddable":true,"href":"https:\/\/www.apuaye.org.ar\/web\/wp-json\/wp\/v2\/comments?post=1521"}],"version-history":[{"count":1,"href":"https:\/\/www.apuaye.org.ar\/web\/wp-json\/wp\/v2\/pages\/1521\/revisions"}],"predecessor-version":[{"id":1522,"href":"https:\/\/www.apuaye.org.ar\/web\/wp-json\/wp\/v2\/pages\/1521\/revisions\/1522"}],"wp:attachment":[{"href":"https:\/\/www.apuaye.org.ar\/web\/wp-json\/wp\/v2\/media?parent=1521"}],"curies":[{"name":"wp","href":"https:\/\/api.w.org\/{rel}","templated":true}]}}