{"id":291,"date":"2018-07-16T14:27:18","date_gmt":"2018-07-16T17:27:18","guid":{"rendered":"http:\/\/localhost\/apuaye\/apuaye\/?page_id=291"},"modified":"2018-09-02T22:49:55","modified_gmt":"2018-09-03T01:49:55","slug":"links-de-interes","status":"publish","type":"page","link":"https:\/\/www.apuaye.org.ar\/web\/links-de-interes\/","title":{"rendered":"Links de inter\u00e9s"},"content":{"rendered":"<h1>Links de inter\u00e9s<\/h1>\n<ul>\n<li><a href=\"http:\/\/www.infoleg.gob.ar\" target=\"_blank\" rel=\"noopener\">Ministerio de Justicia y Derechos Humanos<\/a><\/li>\n<li><a href=\"https:\/\/www.ilo.org\/global\/lang--es\/index.htm\" target=\"_blank\" rel=\"noopener\">Organizaci\u00f3n Internacional del Trabajo<\/a><\/li>\n<li><a href=\"http:\/\/www.uniglobalunion.org\/\" target=\"_blank\" rel=\"noopener\">UNI Uni\u00f3n Global<\/a><\/li>\n<li><a href=\"https:\/\/www.argentina.gob.ar\/trabajo\" target=\"_blank\" rel=\"noopener\">Ministerio de Trabajo, Empleo y Seguridad Social<\/a><\/li>\n<\/ul>\n","protected":false},"excerpt":{"rendered":"<p>Links de inter\u00e9s Ministerio de Justicia y Derechos Humanos Organizaci\u00f3n Internacional del Trabajo UNI Uni\u00f3n Global Ministerio de Trabajo, Empleo y Seguridad Social<\/p>\n","protected":false},"author":1,"featured_media":0,"parent":0,"menu_order":0,"comment_status":"closed","ping_status":"closed","template":"","meta":{"_genesis_hide_title":false,"_genesis_hide_breadcrumbs":false,"_genesis_hide_singular_image":false,"_genesis_hide_footer_widgets":false,"_genesis_custom_body_class":"inner_page acciongremial descargar","_genesis_custom_post_class":"inner_post","_genesis_layout":"full-width-content","footnotes":""},"class_list":{"0":"post-291","1":"page","2":"type-page","3":"status-publish","5":"entry","6":"inner_post"},"_links":{"self":[{"href":"https:\/\/www.apuaye.org.ar\/web\/wp-json\/wp\/v2\/pages\/291","targetHints":{"allow":["GET"]}}],"collection":[{"href":"https:\/\/www.apuaye.org.ar\/web\/wp-json\/wp\/v2\/pages"}],"about":[{"href":"https:\/\/www.apuaye.org.ar\/web\/wp-json\/wp\/v2\/types\/page"}],"author":[{"embeddable":true,"href":"https:\/\/www.apuaye.org.ar\/web\/wp-json\/wp\/v2\/users\/1"}],"replies":[{"embeddable":true,"href":"https:\/\/www.apuaye.org.ar\/web\/wp-json\/wp\/v2\/comments?post=291"}],"version-history":[{"count":8,"href":"https:\/\/www.apuaye.org.ar\/web\/wp-json\/wp\/v2\/pages\/291\/revisions"}],"predecessor-version":[{"id":417,"href":"https:\/\/www.apuaye.org.ar\/web\/wp-json\/wp\/v2\/pages\/291\/revisions\/417"}],"wp:attachment":[{"href":"https:\/\/www.apuaye.org.ar\/web\/wp-json\/wp\/v2\/media?parent=291"}],"curies":[{"name":"wp","href":"https:\/\/api.w.org\/{rel}","templated":true}]}}