{"id":60,"date":"2018-04-14T23:52:03","date_gmt":"2018-04-15T02:52:03","guid":{"rendered":"http:\/\/localhost\/apuaye\/apuaye\/?page_id=60"},"modified":"2018-08-22T17:08:24","modified_gmt":"2018-08-22T20:08:24","slug":"que-es-apuaye-objetivos-fundacionales","status":"publish","type":"page","link":"https:\/\/www.apuaye.org.ar\/web\/que-es-apuaye-objetivos-fundacionales\/","title":{"rendered":"Qu\u00e9 es Apuaye &#8211; Objetivos fundacionales"},"content":{"rendered":"<h1>Objetivos fundacionales<\/h1>\n<ol>\n<li>\n<p>Promover la vinculaci\u00f3n cient\u00edfica, t\u00e9cnica, cultural, profesional y social entre los asociados y con asociaciones del pa\u00eds y extranjeras, celebrar y patrocinar conferencias, concursos, congresos, becas, etc., sobre temas de inter\u00e9s general para los asociados o para cada profesional.<\/p>\n<\/li>\n<li>\n<p>Propender a la jerarquizaci\u00f3n de los profesionales universitarios y defender sus intereses gremiales, morales, cient\u00edficos y econ\u00f3micos.<\/p>\n<\/li>\n<li>\n<p>Velar por el cumplimiento de la \u00e9tica profesional.<\/p>\n<\/li>\n<li>\n<p>Asumir la defensa y representaci\u00f3n de sus asociados en los problemas de car\u00e1cter general y particular que se plantean en las relaciones con los Entes.<\/p>\n<\/li>\n<li>\n<p>Hacer llegar a las autoridades de los Entes la opini\u00f3n de la Asociaci\u00f3n con respecto a todos los problemas que puedan afectar el funcionamiento de los mismos.<\/p>\n<\/li>\n<li>\n<p>Apoyar las aspiraciones e intereses que son comunes a sus patrimonios.<\/p>\n<\/li>\n<li>\n<p>Excluir y combatir toda discriminaci\u00f3n de car\u00e1cter social, religioso, pol\u00edtico o de cualquier otro orden.<\/p>\n<\/li>\n<li>\n<p>Oficiar como organismo asesor de los entes aportando consejos t\u00e9cnicos y gremiales.<\/p>\n<\/li>\n<li>\n<p>Celebrar convenios colectivos de trabajo y ejercer todos los derechos que le acuerdan las leyes y reglamentaciones.<\/p>\n<\/li>\n<li>\n<p>Organizar y prestar a sus asociados todos los servicios de car\u00e1cter social y asistencial permitidos por las leyes y reglamentaciones.<\/p>\n<\/li>\n<li>\n<p>Participar activamente en el ingreso de todo profesional universitario a los Entes.<\/p>\n<\/li>\n<li>\n<p>Ejercer todos los dem\u00e1s derechos que le competen, desarrollando toda otra actividad que considere de beneficio para s\u00ed, para su personal o para los Entes. Dado que la enumeraci\u00f3n precedente no es taxativa.<\/p>\n<\/li>\n<\/ol>\n","protected":false},"excerpt":{"rendered":"<p>Objetivos fundacionales Promover la vinculaci\u00f3n cient\u00edfica, t\u00e9cnica, cultural, profesional y social entre los asociados y con asociaciones del pa\u00eds y extranjeras, celebrar y patrocinar conferencias, concursos, congresos, becas, etc., sobre temas de inter\u00e9s general para los asociados o para cada profesional. Propender a la jerarquizaci\u00f3n de los profesionales universitarios y defender sus intereses gremiales, morales, [&hellip;]<\/p>\n","protected":false},"author":1,"featured_media":0,"parent":0,"menu_order":0,"comment_status":"closed","ping_status":"closed","template":"","meta":{"_genesis_hide_title":false,"_genesis_hide_breadcrumbs":false,"_genesis_hide_singular_image":false,"_genesis_hide_footer_widgets":false,"_genesis_custom_body_class":"inner_page quees","_genesis_custom_post_class":"inner_post","_genesis_layout":"full-width-content","footnotes":""},"class_list":{"0":"post-60","1":"page","2":"type-page","3":"status-publish","5":"entry","6":"inner_post"},"_links":{"self":[{"href":"https:\/\/www.apuaye.org.ar\/web\/wp-json\/wp\/v2\/pages\/60","targetHints":{"allow":["GET"]}}],"collection":[{"href":"https:\/\/www.apuaye.org.ar\/web\/wp-json\/wp\/v2\/pages"}],"about":[{"href":"https:\/\/www.apuaye.org.ar\/web\/wp-json\/wp\/v2\/types\/page"}],"author":[{"embeddable":true,"href":"https:\/\/www.apuaye.org.ar\/web\/wp-json\/wp\/v2\/users\/1"}],"replies":[{"embeddable":true,"href":"https:\/\/www.apuaye.org.ar\/web\/wp-json\/wp\/v2\/comments?post=60"}],"version-history":[{"count":3,"href":"https:\/\/www.apuaye.org.ar\/web\/wp-json\/wp\/v2\/pages\/60\/revisions"}],"predecessor-version":[{"id":64,"href":"https:\/\/www.apuaye.org.ar\/web\/wp-json\/wp\/v2\/pages\/60\/revisions\/64"}],"wp:attachment":[{"href":"https:\/\/www.apuaye.org.ar\/web\/wp-json\/wp\/v2\/media?parent=60"}],"curies":[{"name":"wp","href":"https:\/\/api.w.org\/{rel}","templated":true}]}}