{"id":72,"date":"2018-04-15T00:30:23","date_gmt":"2018-04-15T03:30:23","guid":{"rendered":"http:\/\/localhost\/apuaye\/apuaye\/?page_id=72"},"modified":"2018-08-25T20:49:38","modified_gmt":"2018-08-25T23:49:38","slug":"que-es-apuaye-relaciones-nacionales-e-internacionales","status":"publish","type":"page","link":"https:\/\/www.apuaye.org.ar\/web\/que-es-apuaye-relaciones-nacionales-e-internacionales\/","title":{"rendered":"Qu\u00e9 es Apuaye &#8211; Relaciones nacionales e internacionales"},"content":{"rendered":"<h1>Relaciones nacionales e internacionales<\/h1>\n<p>Debe destacarse que APUAYE es miembro de las siguientes organizaciones de car\u00e1cter nacional e internacional.<\/p>\n<p><a href=\"http:\/\/www.fapsee.org.ar\/\" target=\"_blank\">FEDERACI\u00d3N ARGENTINA DEL PERSONAL SUPERIOR DE LA ENERG\u00cdA EL\u00c9CTRICA &#8211; FAPSEE &#8211;<\/a><\/p>\n<p><a href=\"http:\/\/www.uniglobalunion.org\/\" target=\"_blank\">UNION NETWORK INTERNATIONAL &#8211; UNI &#8211;<\/a><\/p>\n","protected":false},"excerpt":{"rendered":"<p>Relaciones nacionales e internacionales Debe destacarse que APUAYE es miembro de las siguientes organizaciones de car\u00e1cter nacional e internacional. FEDERACI\u00d3N ARGENTINA DEL PERSONAL SUPERIOR DE LA ENERG\u00cdA EL\u00c9CTRICA &#8211; FAPSEE &#8211; UNION NETWORK INTERNATIONAL &#8211; UNI &#8211;<\/p>\n","protected":false},"author":1,"featured_media":0,"parent":0,"menu_order":0,"comment_status":"closed","ping_status":"closed","template":"","meta":{"_genesis_hide_title":false,"_genesis_hide_breadcrumbs":false,"_genesis_hide_singular_image":false,"_genesis_hide_footer_widgets":false,"_genesis_custom_body_class":"inner_page quees","_genesis_custom_post_class":"inner_post","_genesis_layout":"full-width-content","footnotes":""},"class_list":{"0":"post-72","1":"page","2":"type-page","3":"status-publish","5":"entry","6":"inner_post"},"_links":{"self":[{"href":"https:\/\/www.apuaye.org.ar\/web\/wp-json\/wp\/v2\/pages\/72","targetHints":{"allow":["GET"]}}],"collection":[{"href":"https:\/\/www.apuaye.org.ar\/web\/wp-json\/wp\/v2\/pages"}],"about":[{"href":"https:\/\/www.apuaye.org.ar\/web\/wp-json\/wp\/v2\/types\/page"}],"author":[{"embeddable":true,"href":"https:\/\/www.apuaye.org.ar\/web\/wp-json\/wp\/v2\/users\/1"}],"replies":[{"embeddable":true,"href":"https:\/\/www.apuaye.org.ar\/web\/wp-json\/wp\/v2\/comments?post=72"}],"version-history":[{"count":4,"href":"https:\/\/www.apuaye.org.ar\/web\/wp-json\/wp\/v2\/pages\/72\/revisions"}],"predecessor-version":[{"id":387,"href":"https:\/\/www.apuaye.org.ar\/web\/wp-json\/wp\/v2\/pages\/72\/revisions\/387"}],"wp:attachment":[{"href":"https:\/\/www.apuaye.org.ar\/web\/wp-json\/wp\/v2\/media?parent=72"}],"curies":[{"name":"wp","href":"https:\/\/api.w.org\/{rel}","templated":true}]}}